{"id":12,"date":"2020-04-28T12:39:09","date_gmt":"2020-04-28T12:39:09","guid":{"rendered":"https:\/\/breitihof-wildensbuch.ch\/?page_id=12"},"modified":"2024-03-22T21:29:05","modified_gmt":"2024-03-22T21:29:05","slug":"alpakas","status":"publish","type":"page","link":"https:\/\/breitihof-wildensbuch.ch\/index.php\/startseite\/alpakas\/","title":{"rendered":"Alpakas"},"content":{"rendered":"\n<div class=\"wp-block-media-text alignfull has-media-on-the-right is-vertically-aligned-center is-stacked-on-mobile\" style=\"grid-template-columns:auto 17%\"><div class=\"wp-block-media-text__content\">\n<p>Zur Zeit haben wir 12 Tiere. Angefangen haben wir 2015 als das Milchvieh aufgegeben werden musste. Unsere ersten 3 Tiere waren Nestl\u00e9, Anja und Seline. Kurz nach dem Einzug der 3 Stuten gab es auch schon Nachwuchs. Sina und Aurora kamen zur Welt. danach ist unsere Herde jedes Jahr ein bisschen gewachsen und wir haben heute 10 Stuten und 2 Wallache.<\/p>\n<\/div><figure class=\"wp-block-media-text__media\"><img loading=\"lazy\" decoding=\"async\" width=\"648\" height=\"1024\" src=\"https:\/\/breitihof-wildensbuch.ch\/wp-content\/uploads\/2020\/04\/IMG-20200426-WA0000-e1588076297652-648x1024.jpg\" alt=\"\" class=\"wp-image-15 size-full\" srcset=\"https:\/\/breitihof-wildensbuch.ch\/wp-content\/uploads\/2020\/04\/IMG-20200426-WA0000-e1588076297652-648x1024.jpg 648w, https:\/\/breitihof-wildensbuch.ch\/wp-content\/uploads\/2020\/04\/IMG-20200426-WA0000-e1588076297652-600x949.jpg 600w, https:\/\/breitihof-wildensbuch.ch\/wp-content\/uploads\/2020\/04\/IMG-20200426-WA0000-e1588076297652-190x300.jpg 190w, https:\/\/breitihof-wildensbuch.ch\/wp-content\/uploads\/2020\/04\/IMG-20200426-WA0000-e1588076297652-768x1215.jpg 768w, https:\/\/breitihof-wildensbuch.ch\/wp-content\/uploads\/2020\/04\/IMG-20200426-WA0000-e1588076297652-971x1536.jpg 971w, https:\/\/breitihof-wildensbuch.ch\/wp-content\/uploads\/2020\/04\/IMG-20200426-WA0000-e1588076297652.jpg 1295w\" sizes=\"auto, (max-width: 648px) 100vw, 648px\" \/><\/figure><\/div>\n\n\n\n<div style=\"height:100px\" aria-hidden=\"true\" class=\"wp-block-spacer\"><\/div>\n\n\n\n<div class=\"wp-block-media-text alignfull is-stacked-on-mobile\" style=\"grid-template-columns:44% auto\"><figure class=\"wp-block-media-text__media\"><img loading=\"lazy\" decoding=\"async\" width=\"1024\" height=\"768\" src=\"https:\/\/breitihof-wildensbuch.ch\/wp-content\/uploads\/2020\/04\/IMG_20180828_180232-1024x768.jpg\" alt=\"\" class=\"wp-image-20 size-full\" srcset=\"https:\/\/breitihof-wildensbuch.ch\/wp-content\/uploads\/2020\/04\/IMG_20180828_180232-1024x768.jpg 1024w, https:\/\/breitihof-wildensbuch.ch\/wp-content\/uploads\/2020\/04\/IMG_20180828_180232-scaled-600x450.jpg 600w, https:\/\/breitihof-wildensbuch.ch\/wp-content\/uploads\/2020\/04\/IMG_20180828_180232-300x225.jpg 300w, https:\/\/breitihof-wildensbuch.ch\/wp-content\/uploads\/2020\/04\/IMG_20180828_180232-768x576.jpg 768w, https:\/\/breitihof-wildensbuch.ch\/wp-content\/uploads\/2020\/04\/IMG_20180828_180232-1536x1152.jpg 1536w, https:\/\/breitihof-wildensbuch.ch\/wp-content\/uploads\/2020\/04\/IMG_20180828_180232-2048x1536.jpg 2048w\" sizes=\"auto, (max-width: 1024px) 100vw, 1024px\" \/><\/figure><div class=\"wp-block-media-text__content\">\n<p>Unsere Tiere werden jeweils im Fr\u00fchjahr geschoren. Dabei wird ein Teil ihrer speziellen Wolle zu Strickgarn verarbeitet. Wussten Sie dass Alpakawolle nicht so juckt wie Schafwolle? Das liegt daran, dass die einzelnen Fasern d\u00fcnner als die vom Schaf sind. Es gibt nat\u00fcrlich noch mehr positive Eigenschaften: Die Alpaka Faser ist innen hohl, dadurch gibt die Alpakawolle nicht nur warm, sondern ist Thermo regulierend und somit auch zum tragen an w\u00e4rmeren Tagen geeignet. Weiter ist die Alpakawolle sehr widerstandsf\u00e4hig und langlebig, neigt nicht zum verfilzen und hat antibakterielle Eigenschaften.<\/p>\n<\/div><\/div>\n\n\n\n<p>Das Alles eignet sich nicht nur f\u00fcr schmuckvolle, exklusive Kleidungsst\u00fccke sonder auch f\u00fcr Duvets.<\/p>\n\n\n\n<p>Ungef\u00e4rbte Alpakawolle in den Farbt\u00f6nen weiss und braun kann bei uns bezogen werden. <\/p>\n\n\n\n<div class=\"wp-block-media-text alignwide is-stacked-on-mobile\"><figure class=\"wp-block-media-text__media\"><\/figure><div class=\"wp-block-media-text__content\">\n<p class=\"has-large-font-size\"><\/p>\n<\/div><\/div>\n\n\n\n<p>Kn\u00e4uel     50g   Fr.: 10.50<br>              100g   Fr.: 18.50<\/p>\n","protected":false},"excerpt":{"rendered":"<p>Zur Zeit haben wir 12 Tiere. Angefangen haben wir 2015 als das Milchvieh aufgegeben werden musste. Unsere ersten 3 Tiere waren Nestl\u00e9, Anja und Seline. Kurz nach dem Einzug der 3 Stuten gab es auch schon Nachwuchs. Sina und Aurora kamen zur Welt. danach ist unsere Herde jedes Jahr ein bisschen gewachsen und wir haben&hellip;&nbsp;<a href=\"https:\/\/breitihof-wildensbuch.ch\/index.php\/startseite\/alpakas\/\" rel=\"bookmark\">Mehr lesen &raquo;<span class=\"screen-reader-text\">Alpakas<\/span><\/a><\/p>\n","protected":false},"author":1,"featured_media":0,"parent":46,"menu_order":0,"comment_status":"closed","ping_status":"closed","template":"","meta":{"_uag_custom_page_level_css":"","neve_meta_sidebar":"","neve_meta_container":"","neve_meta_enable_content_width":"off","neve_meta_content_width":0,"neve_meta_title_alignment":"","neve_meta_author_avatar":"","neve_post_elements_order":"","neve_meta_disable_header":"","neve_meta_disable_footer":"","neve_meta_disable_title":"","neve_meta_reading_time":"","_themeisle_gutenberg_block_has_review":false,"footnotes":""},"class_list":["post-12","page","type-page","status-publish","hentry"],"yoast_head":"<!-- This site is optimized with the Yoast SEO plugin v27.4 - https:\/\/yoast.com\/product\/yoast-seo-wordpress\/ -->\n<title>Alpakas - Breitihof Wildensbuch<\/title>\n<meta name=\"robots\" content=\"index, follow, max-snippet:-1, max-image-preview:large, max-video-preview:-1\" \/>\n<link rel=\"canonical\" href=\"https:\/\/breitihof-wildensbuch.ch\/index.php\/startseite\/alpakas\/\" \/>\n<meta property=\"og:locale\" content=\"de_DE\" \/>\n<meta property=\"og:type\" content=\"article\" \/>\n<meta property=\"og:title\" content=\"Alpakas - Breitihof Wildensbuch\" \/>\n<meta property=\"og:description\" content=\"Zur Zeit haben wir 12 Tiere. Angefangen haben wir 2015 als das Milchvieh aufgegeben werden musste. Unsere ersten 3 Tiere waren Nestl\u00e9, Anja und Seline. Kurz nach dem Einzug der 3 Stuten gab es auch schon Nachwuchs. Sina und Aurora kamen zur Welt. danach ist unsere Herde jedes Jahr ein bisschen gewachsen und wir haben&hellip;&nbsp;Mehr lesen &raquo;Alpakas\" \/>\n<meta property=\"og:url\" content=\"https:\/\/breitihof-wildensbuch.ch\/index.php\/startseite\/alpakas\/\" \/>\n<meta property=\"og:site_name\" content=\"Breitihof Wildensbuch\" \/>\n<meta property=\"article:modified_time\" content=\"2024-03-22T21:29:05+00:00\" \/>\n<meta property=\"og:image\" content=\"https:\/\/breitihof-wildensbuch.ch\/wp-content\/uploads\/2020\/04\/IMG-20200426-WA0000-e1588076297652-648x1024.jpg\" \/>\n<meta name=\"twitter:card\" content=\"summary_large_image\" \/>\n<meta name=\"twitter:label1\" content=\"Gesch\u00e4tzte Lesezeit\" \/>\n\t<meta name=\"twitter:data1\" content=\"2\u00a0Minuten\" \/>\n<script type=\"application\/ld+json\" class=\"yoast-schema-graph\">{\"@context\":\"https:\\\/\\\/schema.org\",\"@graph\":[{\"@type\":\"WebPage\",\"@id\":\"https:\\\/\\\/breitihof-wildensbuch.ch\\\/index.php\\\/startseite\\\/alpakas\\\/\",\"url\":\"https:\\\/\\\/breitihof-wildensbuch.ch\\\/index.php\\\/startseite\\\/alpakas\\\/\",\"name\":\"Alpakas - Breitihof Wildensbuch\",\"isPartOf\":{\"@id\":\"https:\\\/\\\/breitihof-wildensbuch.ch\\\/#website\"},\"primaryImageOfPage\":{\"@id\":\"https:\\\/\\\/breitihof-wildensbuch.ch\\\/index.php\\\/startseite\\\/alpakas\\\/#primaryimage\"},\"image\":{\"@id\":\"https:\\\/\\\/breitihof-wildensbuch.ch\\\/index.php\\\/startseite\\\/alpakas\\\/#primaryimage\"},\"thumbnailUrl\":\"https:\\\/\\\/breitihof-wildensbuch.ch\\\/wp-content\\\/uploads\\\/2020\\\/04\\\/IMG-20200426-WA0000-e1588076297652-648x1024.jpg\",\"datePublished\":\"2020-04-28T12:39:09+00:00\",\"dateModified\":\"2024-03-22T21:29:05+00:00\",\"breadcrumb\":{\"@id\":\"https:\\\/\\\/breitihof-wildensbuch.ch\\\/index.php\\\/startseite\\\/alpakas\\\/#breadcrumb\"},\"inLanguage\":\"de\",\"potentialAction\":[{\"@type\":\"ReadAction\",\"target\":[\"https:\\\/\\\/breitihof-wildensbuch.ch\\\/index.php\\\/startseite\\\/alpakas\\\/\"]}]},{\"@type\":\"ImageObject\",\"inLanguage\":\"de\",\"@id\":\"https:\\\/\\\/breitihof-wildensbuch.ch\\\/index.php\\\/startseite\\\/alpakas\\\/#primaryimage\",\"url\":\"https:\\\/\\\/breitihof-wildensbuch.ch\\\/wp-content\\\/uploads\\\/2020\\\/04\\\/IMG-20200426-WA0000-e1588076297652-648x1024.jpg\",\"contentUrl\":\"https:\\\/\\\/breitihof-wildensbuch.ch\\\/wp-content\\\/uploads\\\/2020\\\/04\\\/IMG-20200426-WA0000-e1588076297652-648x1024.jpg\"},{\"@type\":\"BreadcrumbList\",\"@id\":\"https:\\\/\\\/breitihof-wildensbuch.ch\\\/index.php\\\/startseite\\\/alpakas\\\/#breadcrumb\",\"itemListElement\":[{\"@type\":\"ListItem\",\"position\":1,\"name\":\"Home\",\"item\":\"https:\\\/\\\/breitihof-wildensbuch.ch\\\/\"},{\"@type\":\"ListItem\",\"position\":2,\"name\":\"Startseite\",\"item\":\"https:\\\/\\\/breitihof-wildensbuch.ch\\\/\"},{\"@type\":\"ListItem\",\"position\":3,\"name\":\"Alpakas\"}]},{\"@type\":\"WebSite\",\"@id\":\"https:\\\/\\\/breitihof-wildensbuch.ch\\\/#website\",\"url\":\"https:\\\/\\\/breitihof-wildensbuch.ch\\\/\",\"name\":\"Breitihof Wildensbuch\",\"description\":\"Beste Weine, Alpakaprodukte, Selbstgemachtes und Geschenkes\",\"publisher\":{\"@id\":\"https:\\\/\\\/breitihof-wildensbuch.ch\\\/#organization\"},\"potentialAction\":[{\"@type\":\"SearchAction\",\"target\":{\"@type\":\"EntryPoint\",\"urlTemplate\":\"https:\\\/\\\/breitihof-wildensbuch.ch\\\/?s={search_term_string}\"},\"query-input\":{\"@type\":\"PropertyValueSpecification\",\"valueRequired\":true,\"valueName\":\"search_term_string\"}}],\"inLanguage\":\"de\"},{\"@type\":\"Organization\",\"@id\":\"https:\\\/\\\/breitihof-wildensbuch.ch\\\/#organization\",\"name\":\"Breitihof Wildensbuch\",\"url\":\"https:\\\/\\\/breitihof-wildensbuch.ch\\\/\",\"logo\":{\"@type\":\"ImageObject\",\"inLanguage\":\"de\",\"@id\":\"https:\\\/\\\/breitihof-wildensbuch.ch\\\/#\\\/schema\\\/logo\\\/image\\\/\",\"url\":\"https:\\\/\\\/breitihof-wildensbuch.ch\\\/wp-content\\\/uploads\\\/2020\\\/04\\\/Breitihof2-e1599937435189.jpg\",\"contentUrl\":\"https:\\\/\\\/breitihof-wildensbuch.ch\\\/wp-content\\\/uploads\\\/2020\\\/04\\\/Breitihof2-e1599937435189.jpg\",\"width\":955,\"height\":832,\"caption\":\"Breitihof Wildensbuch\"},\"image\":{\"@id\":\"https:\\\/\\\/breitihof-wildensbuch.ch\\\/#\\\/schema\\\/logo\\\/image\\\/\"}}]}<\/script>\n<!-- \/ Yoast SEO plugin. -->","yoast_head_json":{"title":"Alpakas - Breitihof Wildensbuch","robots":{"index":"index","follow":"follow","max-snippet":"max-snippet:-1","max-image-preview":"max-image-preview:large","max-video-preview":"max-video-preview:-1"},"canonical":"https:\/\/breitihof-wildensbuch.ch\/index.php\/startseite\/alpakas\/","og_locale":"de_DE","og_type":"article","og_title":"Alpakas - Breitihof Wildensbuch","og_description":"Zur Zeit haben wir 12 Tiere. Angefangen haben wir 2015 als das Milchvieh aufgegeben werden musste. Unsere ersten 3 Tiere waren Nestl\u00e9, Anja und Seline. Kurz nach dem Einzug der 3 Stuten gab es auch schon Nachwuchs. Sina und Aurora kamen zur Welt. danach ist unsere Herde jedes Jahr ein bisschen gewachsen und wir haben&hellip;&nbsp;Mehr lesen &raquo;Alpakas","og_url":"https:\/\/breitihof-wildensbuch.ch\/index.php\/startseite\/alpakas\/","og_site_name":"Breitihof Wildensbuch","article_modified_time":"2024-03-22T21:29:05+00:00","og_image":[{"url":"https:\/\/breitihof-wildensbuch.ch\/wp-content\/uploads\/2020\/04\/IMG-20200426-WA0000-e1588076297652-648x1024.jpg","type":"","width":"","height":""}],"twitter_card":"summary_large_image","twitter_misc":{"Gesch\u00e4tzte Lesezeit":"2\u00a0Minuten"},"schema":{"@context":"https:\/\/schema.org","@graph":[{"@type":"WebPage","@id":"https:\/\/breitihof-wildensbuch.ch\/index.php\/startseite\/alpakas\/","url":"https:\/\/breitihof-wildensbuch.ch\/index.php\/startseite\/alpakas\/","name":"Alpakas - Breitihof Wildensbuch","isPartOf":{"@id":"https:\/\/breitihof-wildensbuch.ch\/#website"},"primaryImageOfPage":{"@id":"https:\/\/breitihof-wildensbuch.ch\/index.php\/startseite\/alpakas\/#primaryimage"},"image":{"@id":"https:\/\/breitihof-wildensbuch.ch\/index.php\/startseite\/alpakas\/#primaryimage"},"thumbnailUrl":"https:\/\/breitihof-wildensbuch.ch\/wp-content\/uploads\/2020\/04\/IMG-20200426-WA0000-e1588076297652-648x1024.jpg","datePublished":"2020-04-28T12:39:09+00:00","dateModified":"2024-03-22T21:29:05+00:00","breadcrumb":{"@id":"https:\/\/breitihof-wildensbuch.ch\/index.php\/startseite\/alpakas\/#breadcrumb"},"inLanguage":"de","potentialAction":[{"@type":"ReadAction","target":["https:\/\/breitihof-wildensbuch.ch\/index.php\/startseite\/alpakas\/"]}]},{"@type":"ImageObject","inLanguage":"de","@id":"https:\/\/breitihof-wildensbuch.ch\/index.php\/startseite\/alpakas\/#primaryimage","url":"https:\/\/breitihof-wildensbuch.ch\/wp-content\/uploads\/2020\/04\/IMG-20200426-WA0000-e1588076297652-648x1024.jpg","contentUrl":"https:\/\/breitihof-wildensbuch.ch\/wp-content\/uploads\/2020\/04\/IMG-20200426-WA0000-e1588076297652-648x1024.jpg"},{"@type":"BreadcrumbList","@id":"https:\/\/breitihof-wildensbuch.ch\/index.php\/startseite\/alpakas\/#breadcrumb","itemListElement":[{"@type":"ListItem","position":1,"name":"Home","item":"https:\/\/breitihof-wildensbuch.ch\/"},{"@type":"ListItem","position":2,"name":"Startseite","item":"https:\/\/breitihof-wildensbuch.ch\/"},{"@type":"ListItem","position":3,"name":"Alpakas"}]},{"@type":"WebSite","@id":"https:\/\/breitihof-wildensbuch.ch\/#website","url":"https:\/\/breitihof-wildensbuch.ch\/","name":"Breitihof Wildensbuch","description":"Beste Weine, Alpakaprodukte, Selbstgemachtes und Geschenkes","publisher":{"@id":"https:\/\/breitihof-wildensbuch.ch\/#organization"},"potentialAction":[{"@type":"SearchAction","target":{"@type":"EntryPoint","urlTemplate":"https:\/\/breitihof-wildensbuch.ch\/?s={search_term_string}"},"query-input":{"@type":"PropertyValueSpecification","valueRequired":true,"valueName":"search_term_string"}}],"inLanguage":"de"},{"@type":"Organization","@id":"https:\/\/breitihof-wildensbuch.ch\/#organization","name":"Breitihof Wildensbuch","url":"https:\/\/breitihof-wildensbuch.ch\/","logo":{"@type":"ImageObject","inLanguage":"de","@id":"https:\/\/breitihof-wildensbuch.ch\/#\/schema\/logo\/image\/","url":"https:\/\/breitihof-wildensbuch.ch\/wp-content\/uploads\/2020\/04\/Breitihof2-e1599937435189.jpg","contentUrl":"https:\/\/breitihof-wildensbuch.ch\/wp-content\/uploads\/2020\/04\/Breitihof2-e1599937435189.jpg","width":955,"height":832,"caption":"Breitihof Wildensbuch"},"image":{"@id":"https:\/\/breitihof-wildensbuch.ch\/#\/schema\/logo\/image\/"}}]}},"uagb_featured_image_src":{"full":false,"thumbnail":false,"medium":false,"medium_large":false,"large":false,"1536x1536":false,"2048x2048":false,"neve-blog":false,"woocommerce_thumbnail":false,"woocommerce_single":false,"woocommerce_gallery_thumbnail":false},"uagb_author_info":{"display_name":"admin","author_link":"https:\/\/breitihof-wildensbuch.ch\/index.php\/author\/levin41\/"},"uagb_comment_info":0,"uagb_excerpt":"Zur Zeit haben wir 12 Tiere. Angefangen haben wir 2015 als das Milchvieh aufgegeben werden musste. Unsere ersten 3 Tiere waren Nestl\u00e9, Anja und Seline. Kurz nach dem Einzug der 3 Stuten gab es auch schon Nachwuchs. Sina und Aurora kamen zur Welt. danach ist unsere Herde jedes Jahr ein bisschen gewachsen und wir haben&hellip;&nbsp;Mehr&hellip;","jetpack_sharing_enabled":true,"_links":{"self":[{"href":"https:\/\/breitihof-wildensbuch.ch\/index.php\/wp-json\/wp\/v2\/pages\/12","targetHints":{"allow":["GET"]}}],"collection":[{"href":"https:\/\/breitihof-wildensbuch.ch\/index.php\/wp-json\/wp\/v2\/pages"}],"about":[{"href":"https:\/\/breitihof-wildensbuch.ch\/index.php\/wp-json\/wp\/v2\/types\/page"}],"author":[{"embeddable":true,"href":"https:\/\/breitihof-wildensbuch.ch\/index.php\/wp-json\/wp\/v2\/users\/1"}],"replies":[{"embeddable":true,"href":"https:\/\/breitihof-wildensbuch.ch\/index.php\/wp-json\/wp\/v2\/comments?post=12"}],"version-history":[{"count":13,"href":"https:\/\/breitihof-wildensbuch.ch\/index.php\/wp-json\/wp\/v2\/pages\/12\/revisions"}],"predecessor-version":[{"id":248,"href":"https:\/\/breitihof-wildensbuch.ch\/index.php\/wp-json\/wp\/v2\/pages\/12\/revisions\/248"}],"up":[{"embeddable":true,"href":"https:\/\/breitihof-wildensbuch.ch\/index.php\/wp-json\/wp\/v2\/pages\/46"}],"wp:attachment":[{"href":"https:\/\/breitihof-wildensbuch.ch\/index.php\/wp-json\/wp\/v2\/media?parent=12"}],"curies":[{"name":"wp","href":"https:\/\/api.w.org\/{rel}","templated":true}]}}